{"id":300,"date":"2022-08-16T12:18:45","date_gmt":"2022-08-16T12:18:45","guid":{"rendered":"https:\/\/www.bonbolera-papillon.eu\/?page_id=300"},"modified":"2023-05-10T12:06:16","modified_gmt":"2023-05-10T12:06:16","slug":"zvezda-margenis","status":"publish","type":"page","link":"https:\/\/www.bonbolera-papillon.eu\/?page_id=300","title":{"rendered":"ZVEZDA MARGENIS"},"content":{"rendered":"\n<figure class=\"wp-block-image size-large\"><img loading=\"lazy\" decoding=\"async\" width=\"1864\" height=\"1243\" src=\"https:\/\/www.bonbolera-papillon.eu\/wp-content\/uploads\/2022\/08\/IMG_4998-edited.jpg\" alt=\"\" class=\"wp-image-302\" srcset=\"https:\/\/www.bonbolera-papillon.eu\/wp-content\/uploads\/2022\/08\/IMG_4998-edited.jpg 1864w, https:\/\/www.bonbolera-papillon.eu\/wp-content\/uploads\/2022\/08\/IMG_4998-edited-300x200.jpg 300w, https:\/\/www.bonbolera-papillon.eu\/wp-content\/uploads\/2022\/08\/IMG_4998-edited-1024x683.jpg 1024w, https:\/\/www.bonbolera-papillon.eu\/wp-content\/uploads\/2022\/08\/IMG_4998-edited-768x512.jpg 768w, https:\/\/www.bonbolera-papillon.eu\/wp-content\/uploads\/2022\/08\/IMG_4998-edited-1536x1024.jpg 1536w, https:\/\/www.bonbolera-papillon.eu\/wp-content\/uploads\/2022\/08\/IMG_4998-edited-600x400.jpg 600w\" sizes=\"auto, (max-width: 1864px) 100vw, 1864px\" \/><\/figure>\n\n\n\n<p><strong>Otec: <\/strong>Lanselotas Taurapilis<\/p>\n\n\n\n<p><strong>Matka:<\/strong> Sun Sunny Margenis<\/p>\n\n\n\n<p><strong>CHOVN\u00c1<\/strong><\/p>\n\n\n\n<p><strong>D\u00e1tum narodenia:<\/strong> 16. 9. 2019<\/p>\n\n\n<p><strong>V\u00e1ha: <\/strong>3,09 kg<\/p>\n<p><strong>V\u00fd\u0161ka:&nbsp; &nbsp; &nbsp;<\/strong><\/p>\n<p><strong>Zhryz:<\/strong> no\u017enice<\/p>\n<p><strong>Zuby: <\/strong>6\/6&nbsp; &nbsp; &nbsp; &nbsp; &nbsp; &nbsp; &nbsp; &nbsp; &nbsp; &nbsp; &nbsp; &nbsp; &nbsp; &nbsp; &nbsp; &nbsp; &nbsp; &nbsp; &nbsp; &nbsp; &nbsp; &nbsp; &nbsp; &nbsp; &nbsp; &nbsp; &nbsp; &nbsp; &nbsp; &nbsp; &nbsp;&nbsp;<\/p>\n<p><strong>Vy\u0161etrenia:<\/strong> PL 0\/0&nbsp; &nbsp; &nbsp; &nbsp; &nbsp; &nbsp; &nbsp; &nbsp; &nbsp; &nbsp; &nbsp; &nbsp; &nbsp; &nbsp; &nbsp; &nbsp; &nbsp; &nbsp; &nbsp; &nbsp; &nbsp; &nbsp; &nbsp; &nbsp; &nbsp; &nbsp; &nbsp; &nbsp; &nbsp; &nbsp; &nbsp;<\/p>\n<p>&nbsp; &nbsp; &nbsp; &nbsp; &nbsp; &nbsp; &nbsp; &nbsp; &nbsp; &nbsp;gen: pap-PRA 1<\/p>\n<p>&nbsp; &nbsp; &nbsp; &nbsp; &nbsp; &nbsp; &nbsp; &nbsp; &nbsp; &nbsp;Faktor 7<\/p>\n<p><strong>V\u00fdstavy:<\/strong><\/p>\n<p><strong>MVP NITRA:&nbsp;<\/strong>17. 7. 2020 &#8211; V1, CAJC, <strong>BOJ<\/strong>, <strong>BOB<\/strong><\/p>\n<p>&nbsp; &nbsp; &nbsp; &nbsp; &nbsp; &nbsp; &nbsp; &nbsp; &nbsp; &nbsp; &nbsp; &nbsp; &nbsp; 18. 7. 2020 &#8211; V1, CAJC<\/p>\n<p>&nbsp; &nbsp; &nbsp; &nbsp; &nbsp; &nbsp; &nbsp; &nbsp; &nbsp; &nbsp; &nbsp; &nbsp; &nbsp; 19. 7. 2020 &#8211; V1, CAJC, <strong>BOJ<\/strong><\/p>\n<p><strong>KV<\/strong>&nbsp;<strong>TEKOVSK\u00c1 BREZNICA<\/strong>: 29. 8. 2020 &#8211; V1, CAJC, <strong>Klubov\u00fd v\u00ed\u0165az mlad\u00fdch<\/strong>, <strong>BISJ II.<\/strong><\/p>\n<p>&nbsp; &nbsp; &nbsp; &nbsp; &nbsp; &nbsp; &nbsp; &nbsp; &nbsp; &nbsp; &nbsp; &nbsp; &nbsp; &nbsp; &nbsp; &nbsp; &nbsp; &nbsp; &nbsp; &nbsp; &nbsp; &nbsp; &nbsp; &nbsp; &nbsp; &nbsp; &nbsp; &nbsp;29. 8. 2020 &#8211; V2<\/p>\n<p><strong>NITRA &#8211; TRIPPLE SHOWS:<\/strong> V1<\/p>\n<p><strong>SLOVENSK\u00dd \u0160AMPI\u00d3N KR\u00c1SY MLAD\u00ddCH<\/strong><\/p>\n\n<div class=\"wp-block-image\">\n<figure class=\"aligncenter size-large is-resized\"><img loading=\"lazy\" decoding=\"async\" src=\"http:\/\/www.bonbolera-papillon.eu\/wp-content\/uploads\/2023\/02\/IMG_4832-1-1024x682.jpg\" alt=\"\" class=\"wp-image-510\" width=\"512\" height=\"341\" srcset=\"https:\/\/www.bonbolera-papillon.eu\/wp-content\/uploads\/2023\/02\/IMG_4832-1-1024x682.jpg 1024w, https:\/\/www.bonbolera-papillon.eu\/wp-content\/uploads\/2023\/02\/IMG_4832-1-300x200.jpg 300w, https:\/\/www.bonbolera-papillon.eu\/wp-content\/uploads\/2023\/02\/IMG_4832-1-768x512.jpg 768w, https:\/\/www.bonbolera-papillon.eu\/wp-content\/uploads\/2023\/02\/IMG_4832-1-1536x1024.jpg 1536w, https:\/\/www.bonbolera-papillon.eu\/wp-content\/uploads\/2023\/02\/IMG_4832-1-600x400.jpg 600w, https:\/\/www.bonbolera-papillon.eu\/wp-content\/uploads\/2023\/02\/IMG_4832-1.jpg 2000w\" sizes=\"auto, (max-width: 512px) 100vw, 512px\" \/><figcaption class=\"wp-element-caption\">17. 7. 2020<\/figcaption><\/figure>\n<\/div>\n\n<div class=\"wp-block-image\">\n<figure class=\"aligncenter size-large is-resized\"><img loading=\"lazy\" decoding=\"async\" src=\"https:\/\/www.bonbolera-papillon.eu\/wp-content\/uploads\/2023\/02\/IMG_4948-1-682x1024.jpg\" alt=\"\" class=\"wp-image-512\" width=\"341\" height=\"512\" srcset=\"https:\/\/www.bonbolera-papillon.eu\/wp-content\/uploads\/2023\/02\/IMG_4948-1-682x1024.jpg 682w, https:\/\/www.bonbolera-papillon.eu\/wp-content\/uploads\/2023\/02\/IMG_4948-1-200x300.jpg 200w, https:\/\/www.bonbolera-papillon.eu\/wp-content\/uploads\/2023\/02\/IMG_4948-1-768x1152.jpg 768w, https:\/\/www.bonbolera-papillon.eu\/wp-content\/uploads\/2023\/02\/IMG_4948-1-1024x1536.jpg 1024w, https:\/\/www.bonbolera-papillon.eu\/wp-content\/uploads\/2023\/02\/IMG_4948-1.jpg 1333w\" sizes=\"auto, (max-width: 341px) 100vw, 341px\" \/><figcaption class=\"wp-element-caption\">29. 8. 2020<\/figcaption><\/figure>\n<\/div>\n\n<div class=\"wp-block-image\">\n<figure class=\"aligncenter size-large is-resized\"><img loading=\"lazy\" decoding=\"async\" src=\"https:\/\/www.bonbolera-papillon.eu\/wp-content\/uploads\/2023\/05\/IMG_1447-1024x683.jpg\" alt=\"\" class=\"wp-image-816\" width=\"512\" height=\"342\" srcset=\"https:\/\/www.bonbolera-papillon.eu\/wp-content\/uploads\/2023\/05\/IMG_1447-1024x683.jpg 1024w, https:\/\/www.bonbolera-papillon.eu\/wp-content\/uploads\/2023\/05\/IMG_1447-300x200.jpg 300w, https:\/\/www.bonbolera-papillon.eu\/wp-content\/uploads\/2023\/05\/IMG_1447-768x512.jpg 768w, https:\/\/www.bonbolera-papillon.eu\/wp-content\/uploads\/2023\/05\/IMG_1447-1536x1024.jpg 1536w, https:\/\/www.bonbolera-papillon.eu\/wp-content\/uploads\/2023\/05\/IMG_1447-2048x1365.jpg 2048w, https:\/\/www.bonbolera-papillon.eu\/wp-content\/uploads\/2023\/05\/IMG_1447-600x400.jpg 600w\" sizes=\"auto, (max-width: 512px) 100vw, 512px\" \/><figcaption class=\"wp-element-caption\">9. 4. 2023<\/figcaption><\/figure>\n<\/div>\n\n\n<p><a href=\"https:\/\/semanea.rajce.idnes.cz\/ZVEZDA_MARGENIS\/\">Fotoalbum<\/a><\/p>\n\n\n\n<p><strong>Rodokme\u0148:<\/strong><\/p>\n\n\n<div class=\"wp-block-image\">\n<figure class=\"aligncenter size-large is-resized\"><img loading=\"lazy\" decoding=\"async\" src=\"https:\/\/www.bonbolera-papillon.eu\/wp-content\/uploads\/2023\/02\/Zidy-rodokmen-1-662x1024.jpg\" alt=\"\" class=\"wp-image-515\" width=\"331\" height=\"512\" srcset=\"https:\/\/www.bonbolera-papillon.eu\/wp-content\/uploads\/2023\/02\/Zidy-rodokmen-1-662x1024.jpg 662w, https:\/\/www.bonbolera-papillon.eu\/wp-content\/uploads\/2023\/02\/Zidy-rodokmen-1-194x300.jpg 194w, https:\/\/www.bonbolera-papillon.eu\/wp-content\/uploads\/2023\/02\/Zidy-rodokmen-1-768x1188.jpg 768w, https:\/\/www.bonbolera-papillon.eu\/wp-content\/uploads\/2023\/02\/Zidy-rodokmen-1-993x1536.jpg 993w, https:\/\/www.bonbolera-papillon.eu\/wp-content\/uploads\/2023\/02\/Zidy-rodokmen-1.jpg 1055w\" sizes=\"auto, (max-width: 331px) 100vw, 331px\" \/><\/figure>\n<\/div>","protected":false},"excerpt":{"rendered":"<p>Otec: Lanselotas Taurapilis Matka: Sun Sunny Margenis CHOVN\u00c1 D\u00e1tum narodenia: 16. 9. 2019 V\u00e1ha: 3,09 kg V\u00fd\u0161ka:&nbsp; &nbsp; &nbsp; Zhryz: no\u017enice Zuby: 6\/6&nbsp; &nbsp; &nbsp; [&hellip;]<\/p>\n","protected":false},"author":1,"featured_media":0,"parent":0,"menu_order":0,"comment_status":"closed","ping_status":"closed","template":"","meta":{"_mi_skip_tracking":false,"footnotes":""},"class_list":["post-300","page","type-page","status-publish","hentry"],"_links":{"self":[{"href":"https:\/\/www.bonbolera-papillon.eu\/index.php?rest_route=\/wp\/v2\/pages\/300","targetHints":{"allow":["GET"]}}],"collection":[{"href":"https:\/\/www.bonbolera-papillon.eu\/index.php?rest_route=\/wp\/v2\/pages"}],"about":[{"href":"https:\/\/www.bonbolera-papillon.eu\/index.php?rest_route=\/wp\/v2\/types\/page"}],"author":[{"embeddable":true,"href":"https:\/\/www.bonbolera-papillon.eu\/index.php?rest_route=\/wp\/v2\/users\/1"}],"replies":[{"embeddable":true,"href":"https:\/\/www.bonbolera-papillon.eu\/index.php?rest_route=%2Fwp%2Fv2%2Fcomments&post=300"}],"version-history":[{"count":18,"href":"https:\/\/www.bonbolera-papillon.eu\/index.php?rest_route=\/wp\/v2\/pages\/300\/revisions"}],"predecessor-version":[{"id":818,"href":"https:\/\/www.bonbolera-papillon.eu\/index.php?rest_route=\/wp\/v2\/pages\/300\/revisions\/818"}],"wp:attachment":[{"href":"https:\/\/www.bonbolera-papillon.eu\/index.php?rest_route=%2Fwp%2Fv2%2Fmedia&parent=300"}],"curies":[{"name":"wp","href":"https:\/\/api.w.org\/{rel}","templated":true}]}}