{"id":315,"date":"2022-08-25T08:07:13","date_gmt":"2022-08-25T08:07:13","guid":{"rendered":"https:\/\/www.bonbolera-papillon.eu\/?page_id=315"},"modified":"2023-04-10T18:15:30","modified_gmt":"2023-04-10T18:15:30","slug":"odchovy","status":"publish","type":"page","link":"https:\/\/www.bonbolera-papillon.eu\/?page_id=315","title":{"rendered":"ODCHOVY"},"content":{"rendered":"\n<p class=\"has-text-align-center\" style=\"font-size:25px\"><strong>VRH A<\/strong><\/p>\n\n\n<p style=\"text-align: center;\"><span style=\"color: #333333;\">In\u00e9s Elegans Bohemia X Eosforos Caprina Dowina<\/span><\/p>\n<p style=\"text-align: center;\"><span style=\"color: #333333;\">d\u00e1tum narodenia: 11. 9. 2016<\/span><\/p>\n\n<div class=\"wp-block-image\">\n<figure class=\"aligncenter size-large is-resized\"><img loading=\"lazy\" decoding=\"async\" src=\"https:\/\/www.bonbolera-papillon.eu\/wp-content\/uploads\/2022\/08\/IMG_0392-edited-scaled.jpg\" alt=\"\" class=\"wp-image-317\" width=\"640\" height=\"427\" srcset=\"https:\/\/www.bonbolera-papillon.eu\/wp-content\/uploads\/2022\/08\/IMG_0392-edited-scaled.jpg 2560w, https:\/\/www.bonbolera-papillon.eu\/wp-content\/uploads\/2022\/08\/IMG_0392-edited-300x200.jpg 300w, https:\/\/www.bonbolera-papillon.eu\/wp-content\/uploads\/2022\/08\/IMG_0392-edited-1024x683.jpg 1024w, https:\/\/www.bonbolera-papillon.eu\/wp-content\/uploads\/2022\/08\/IMG_0392-edited-768x512.jpg 768w, https:\/\/www.bonbolera-papillon.eu\/wp-content\/uploads\/2022\/08\/IMG_0392-edited-1536x1024.jpg 1536w, https:\/\/www.bonbolera-papillon.eu\/wp-content\/uploads\/2022\/08\/IMG_0392-edited-2048x1366.jpg 2048w, https:\/\/www.bonbolera-papillon.eu\/wp-content\/uploads\/2022\/08\/IMG_0392-edited-600x400.jpg 600w\" sizes=\"auto, (max-width: 640px) 100vw, 640px\" \/><\/figure>\n<\/div>\n\n\n<p><\/p>\n\n\n\n<p class=\"has-text-align-center\" style=\"font-size:25px\"><strong>VRH B<\/strong><\/p>\n\n\n<p style=\"text-align: center;\"><span style=\"color: #333333;\">Faayen Brilliant Bohemia X Falco Galathilion<\/span><\/p>\n<p style=\"text-align: center;\">d\u00e1tum narodenia: 16. 1. 2017<\/p>\n\n<div class=\"wp-block-image\">\n<figure class=\"aligncenter size-full is-resized\"><img loading=\"lazy\" decoding=\"async\" src=\"https:\/\/www.bonbolera-papillon.eu\/wp-content\/uploads\/2022\/08\/DSC_0188.jpg\" alt=\"\" class=\"wp-image-323\" width=\"640\" height=\"398\"\/><\/figure>\n<\/div>\n\n\n<p><\/p>\n\n\n\n<p class=\"has-text-align-center\" style=\"font-size:25px\"><strong>VRH C<\/strong><\/p>\n\n\n<p style=\"text-align: center;\"><span style=\"color: #333333;\">Faayen Brilliant Bohemia X Zucca Tan M\u00e1ria Sirrah<\/span><\/p>\n<p style=\"text-align: center;\"><span style=\"color: #333333;\">d\u00e1tum narodenia 15. 9. 2017<\/span><\/p>\n\n<div class=\"wp-block-image\">\n<figure class=\"aligncenter size-large is-resized\"><img decoding=\"async\" src=\"https:\/\/www.bonbolera-papillon.eu\/wp-content\/uploads\/2022\/08\/IMG_2959-1024x683.jpg\" alt=\"\" class=\"wp-image-324\" width=\"640\" srcset=\"https:\/\/www.bonbolera-papillon.eu\/wp-content\/uploads\/2022\/08\/IMG_2959-1024x683.jpg 1024w, https:\/\/www.bonbolera-papillon.eu\/wp-content\/uploads\/2022\/08\/IMG_2959-300x200.jpg 300w, https:\/\/www.bonbolera-papillon.eu\/wp-content\/uploads\/2022\/08\/IMG_2959-768x512.jpg 768w, https:\/\/www.bonbolera-papillon.eu\/wp-content\/uploads\/2022\/08\/IMG_2959-1536x1024.jpg 1536w, https:\/\/www.bonbolera-papillon.eu\/wp-content\/uploads\/2022\/08\/IMG_2959-2048x1365.jpg 2048w, https:\/\/www.bonbolera-papillon.eu\/wp-content\/uploads\/2022\/08\/IMG_2959-600x400.jpg 600w\" sizes=\"(max-width: 1024px) 100vw, 1024px\" \/><\/figure>\n<\/div>\n\n\n<p><\/p>\n\n\n\n<p class=\"has-text-align-center\" style=\"font-size:25px\"><strong>VRH D<\/strong><\/p>\n\n\n<p style=\"text-align: center;\"><span style=\"color: #333333;\">In\u00e9s Elegans Bohemia X Wittorio de Pompadour<\/span><\/p>\n<p style=\"text-align: center;\"><span style=\"color: #333333;\">d\u00e1tum narodenia: 26. 11. 2017<\/span><\/p>\n\n<div class=\"wp-block-image\">\n<figure class=\"aligncenter size-large is-resized\"><img decoding=\"async\" src=\"https:\/\/www.bonbolera-papillon.eu\/wp-content\/uploads\/2022\/08\/IMG_3548-1024x683.jpg\" alt=\"\" class=\"wp-image-325\" width=\"640\" srcset=\"https:\/\/www.bonbolera-papillon.eu\/wp-content\/uploads\/2022\/08\/IMG_3548-1024x683.jpg 1024w, https:\/\/www.bonbolera-papillon.eu\/wp-content\/uploads\/2022\/08\/IMG_3548-300x200.jpg 300w, https:\/\/www.bonbolera-papillon.eu\/wp-content\/uploads\/2022\/08\/IMG_3548-768x512.jpg 768w, https:\/\/www.bonbolera-papillon.eu\/wp-content\/uploads\/2022\/08\/IMG_3548-1536x1024.jpg 1536w, https:\/\/www.bonbolera-papillon.eu\/wp-content\/uploads\/2022\/08\/IMG_3548-2048x1365.jpg 2048w, https:\/\/www.bonbolera-papillon.eu\/wp-content\/uploads\/2022\/08\/IMG_3548-600x400.jpg 600w\" sizes=\"(max-width: 1024px) 100vw, 1024px\" \/><\/figure>\n<\/div>\n\n\n<p><\/p>\n\n\n\n<p class=\"has-text-align-center\" style=\"font-size:25px\"><strong>VRH E<\/strong><\/p>\n\n\n<p style=\"text-align: center;\">Am\u00e1lia Kissi Bonbolera X Styx Caprina Dowina<\/p>\n<p style=\"text-align: center;\"><span style=\"color: #333333;\">d\u00e1tum narodenia: 3. 7. 2018<\/span><\/p>\n\n<div class=\"wp-block-image\">\n<figure class=\"aligncenter size-large is-resized\"><img decoding=\"async\" src=\"https:\/\/www.bonbolera-papillon.eu\/wp-content\/uploads\/2022\/08\/IMG_4693-1024x683.jpg\" alt=\"\" class=\"wp-image-326\" width=\"640\" srcset=\"https:\/\/www.bonbolera-papillon.eu\/wp-content\/uploads\/2022\/08\/IMG_4693-1024x683.jpg 1024w, https:\/\/www.bonbolera-papillon.eu\/wp-content\/uploads\/2022\/08\/IMG_4693-300x200.jpg 300w, https:\/\/www.bonbolera-papillon.eu\/wp-content\/uploads\/2022\/08\/IMG_4693-768x512.jpg 768w, https:\/\/www.bonbolera-papillon.eu\/wp-content\/uploads\/2022\/08\/IMG_4693-1536x1024.jpg 1536w, https:\/\/www.bonbolera-papillon.eu\/wp-content\/uploads\/2022\/08\/IMG_4693-2048x1365.jpg 2048w, https:\/\/www.bonbolera-papillon.eu\/wp-content\/uploads\/2022\/08\/IMG_4693-600x400.jpg 600w\" sizes=\"(max-width: 1024px) 100vw, 1024px\" \/><\/figure>\n<\/div>\n\n\n<p><\/p>\n\n\n\n<p class=\"has-text-align-center\" style=\"font-size:25px\"><strong>VRH F<\/strong><\/p>\n\n\n<p style=\"text-align: center;\"><span style=\"color: #333333;\">In\u00e9s Elegans Bohemia X Crazy Mailo Bonbolera<\/span><\/p>\n<p style=\"text-align: center;\"><span style=\"color: #333333;\">d\u00e1tum narodenia: 5. 7. 2018<\/span><\/p>\n\n<div class=\"wp-block-image\">\n<figure class=\"aligncenter size-large is-resized\"><img decoding=\"async\" src=\"https:\/\/www.bonbolera-papillon.eu\/wp-content\/uploads\/2022\/08\/IMG_4747-1-edited.jpg\" alt=\"\" class=\"wp-image-330\" width=\"640\" srcset=\"https:\/\/www.bonbolera-papillon.eu\/wp-content\/uploads\/2022\/08\/IMG_4747-1-edited.jpg 2334w, https:\/\/www.bonbolera-papillon.eu\/wp-content\/uploads\/2022\/08\/IMG_4747-1-edited-300x200.jpg 300w, https:\/\/www.bonbolera-papillon.eu\/wp-content\/uploads\/2022\/08\/IMG_4747-1-edited-1024x683.jpg 1024w, https:\/\/www.bonbolera-papillon.eu\/wp-content\/uploads\/2022\/08\/IMG_4747-1-edited-768x512.jpg 768w, https:\/\/www.bonbolera-papillon.eu\/wp-content\/uploads\/2022\/08\/IMG_4747-1-edited-1536x1025.jpg 1536w, https:\/\/www.bonbolera-papillon.eu\/wp-content\/uploads\/2022\/08\/IMG_4747-1-edited-2048x1366.jpg 2048w, https:\/\/www.bonbolera-papillon.eu\/wp-content\/uploads\/2022\/08\/IMG_4747-1-edited-600x400.jpg 600w\" sizes=\"(max-width: 2334px) 100vw, 2334px\" \/><\/figure>\n<\/div>\n\n\n<p><\/p>\n\n\n\n<p class=\"has-text-align-center\" style=\"font-size:25px\"><strong>VRH G<\/strong><\/p>\n\n\n<p style=\"text-align: center;\"><span style=\"color: #333333;\">Faayen Brilliant Bohemia X A- Fender Stoptime<\/span><\/p>\n<p style=\"text-align: center;\"><span style=\"color: #333333;\">d\u00e1tum narodenia: 25. 11. 2018<\/span><\/p>\n\n<div class=\"wp-block-image\">\n<figure class=\"aligncenter size-large is-resized\"><img decoding=\"async\" src=\"https:\/\/www.bonbolera-papillon.eu\/wp-content\/uploads\/2022\/08\/IMG_7648-edited.jpg\" alt=\"\" class=\"wp-image-332\" width=\"640\" srcset=\"https:\/\/www.bonbolera-papillon.eu\/wp-content\/uploads\/2022\/08\/IMG_7648-edited.jpg 2234w, https:\/\/www.bonbolera-papillon.eu\/wp-content\/uploads\/2022\/08\/IMG_7648-edited-300x200.jpg 300w, https:\/\/www.bonbolera-papillon.eu\/wp-content\/uploads\/2022\/08\/IMG_7648-edited-1024x683.jpg 1024w, https:\/\/www.bonbolera-papillon.eu\/wp-content\/uploads\/2022\/08\/IMG_7648-edited-768x512.jpg 768w, https:\/\/www.bonbolera-papillon.eu\/wp-content\/uploads\/2022\/08\/IMG_7648-edited-1536x1024.jpg 1536w, https:\/\/www.bonbolera-papillon.eu\/wp-content\/uploads\/2022\/08\/IMG_7648-edited-2048x1365.jpg 2048w, https:\/\/www.bonbolera-papillon.eu\/wp-content\/uploads\/2022\/08\/IMG_7648-edited-600x400.jpg 600w\" sizes=\"(max-width: 2234px) 100vw, 2234px\" \/><\/figure>\n<\/div>\n\n\n<p><\/p>\n\n\n\n<p class=\"has-text-align-center\" style=\"font-size:25px\"><strong>VRH H<\/strong><\/p>\n\n\n<p style=\"text-align: center;\"><span style=\"color: #333333;\">Am\u00e1lia Kissi Bonbolera X Crazy Mailo<\/span><\/p>\n<p style=\"text-align: center;\"><span style=\"color: #333333;\">d\u00e1tum narodenia: 20. 3. 2019<\/span><\/p>\n\n<div class=\"wp-block-image\">\n<figure class=\"aligncenter size-large is-resized\"><img decoding=\"async\" src=\"https:\/\/www.bonbolera-papillon.eu\/wp-content\/uploads\/2022\/08\/IMG_8695-1024x683.jpg\" alt=\"\" class=\"wp-image-333\" width=\"640\" srcset=\"https:\/\/www.bonbolera-papillon.eu\/wp-content\/uploads\/2022\/08\/IMG_8695-1024x683.jpg 1024w, https:\/\/www.bonbolera-papillon.eu\/wp-content\/uploads\/2022\/08\/IMG_8695-300x200.jpg 300w, https:\/\/www.bonbolera-papillon.eu\/wp-content\/uploads\/2022\/08\/IMG_8695-768x512.jpg 768w, https:\/\/www.bonbolera-papillon.eu\/wp-content\/uploads\/2022\/08\/IMG_8695-1536x1024.jpg 1536w, https:\/\/www.bonbolera-papillon.eu\/wp-content\/uploads\/2022\/08\/IMG_8695-2048x1365.jpg 2048w, https:\/\/www.bonbolera-papillon.eu\/wp-content\/uploads\/2022\/08\/IMG_8695-600x400.jpg 600w\" sizes=\"(max-width: 1024px) 100vw, 1024px\" \/><\/figure>\n<\/div>\n\n\n<p><\/p>\n\n\n\n<p class=\"has-text-align-center\" style=\"font-size:25px\"><strong>VRH CH<\/strong><\/p>\n\n\n<p style=\"text-align: center;\"><span style=\"color: #333333;\">Faayen Brilliant Bohemia X Herbert Caprina Dowina<\/span><\/p>\n<p style=\"text-align: center;\"><span style=\"color: #333333;\">d\u00e1tum narodenia: 6. 7. 2019<\/span><\/p>\n\n<div class=\"wp-block-image\">\n<figure class=\"aligncenter size-large is-resized\"><img decoding=\"async\" src=\"https:\/\/www.bonbolera-papillon.eu\/wp-content\/uploads\/2022\/08\/IMG_1578-edited.jpg\" alt=\"\" class=\"wp-image-335\" width=\"640\" srcset=\"https:\/\/www.bonbolera-papillon.eu\/wp-content\/uploads\/2022\/08\/IMG_1578-edited.jpg 2141w, https:\/\/www.bonbolera-papillon.eu\/wp-content\/uploads\/2022\/08\/IMG_1578-edited-300x200.jpg 300w, https:\/\/www.bonbolera-papillon.eu\/wp-content\/uploads\/2022\/08\/IMG_1578-edited-1024x683.jpg 1024w, https:\/\/www.bonbolera-papillon.eu\/wp-content\/uploads\/2022\/08\/IMG_1578-edited-768x512.jpg 768w, https:\/\/www.bonbolera-papillon.eu\/wp-content\/uploads\/2022\/08\/IMG_1578-edited-1536x1024.jpg 1536w, https:\/\/www.bonbolera-papillon.eu\/wp-content\/uploads\/2022\/08\/IMG_1578-edited-2048x1366.jpg 2048w, https:\/\/www.bonbolera-papillon.eu\/wp-content\/uploads\/2022\/08\/IMG_1578-edited-600x400.jpg 600w\" sizes=\"(max-width: 2141px) 100vw, 2141px\" \/><\/figure>\n<\/div>\n\n\n<p><\/p>\n\n\n\n<p class=\"has-text-align-center\" style=\"font-size:25px\"><strong>VRH I<\/strong><\/p>\n\n\n<p style=\"text-align: center;\"><span style=\"color: #333333;\">Faayen Brilliant Bohemia X Nicolas Eeden Senden Ay<\/span><\/p>\n<p style=\"text-align: center;\"><span style=\"color: #333333;\">d\u00e1tum narodenia: 9. 2. 2020<\/span><\/p>\n\n<div class=\"wp-block-image\">\n<figure class=\"aligncenter size-large is-resized\"><img decoding=\"async\" src=\"https:\/\/www.bonbolera-papillon.eu\/wp-content\/uploads\/2022\/08\/IMG_2727-1024x683.jpg\" alt=\"\" class=\"wp-image-336\" width=\"640\" srcset=\"https:\/\/www.bonbolera-papillon.eu\/wp-content\/uploads\/2022\/08\/IMG_2727-1024x683.jpg 1024w, https:\/\/www.bonbolera-papillon.eu\/wp-content\/uploads\/2022\/08\/IMG_2727-300x200.jpg 300w, https:\/\/www.bonbolera-papillon.eu\/wp-content\/uploads\/2022\/08\/IMG_2727-768x512.jpg 768w, https:\/\/www.bonbolera-papillon.eu\/wp-content\/uploads\/2022\/08\/IMG_2727-1536x1024.jpg 1536w, https:\/\/www.bonbolera-papillon.eu\/wp-content\/uploads\/2022\/08\/IMG_2727-2048x1365.jpg 2048w, https:\/\/www.bonbolera-papillon.eu\/wp-content\/uploads\/2022\/08\/IMG_2727-600x400.jpg 600w\" sizes=\"(max-width: 1024px) 100vw, 1024px\" \/><\/figure>\n<\/div>\n\n\n<p><\/p>\n\n\n\n<p class=\"has-text-align-center\" style=\"font-size:25px\"><strong>VRH J<\/strong><\/p>\n\n\n<p style=\"text-align: center;\"><span style=\"color: #333333;\">Am\u00e1lia Kissi Bonbolera X Crazy Connan M\u00e1ria Sirrah<\/span>\u00a0<\/p>\n<p style=\"text-align: center;\"><span style=\"color: #333333;\">d\u00e1tum narodenia: 10. 8. 2020<\/span><\/p>\n\n\n<p><\/p>\n\n\n\n<p class=\"has-text-align-center\" style=\"font-size:25px\"><strong>VRH K<\/strong><\/p>\n\n\n<p style=\"text-align: center;\"><span style=\"color: #333333;\">In\u00e9s Elegans Bohemia X Herbert Caprina Dowina<\/span><\/p>\n<p style=\"text-align: center;\"><span style=\"color: #333333;\">d\u00e1tum narodenia: 25. 9. 2020<\/span><\/p>\n\n\n<p class=\"has-text-align-center\" style=\"font-size:25px\"><strong>VRH L<\/strong><\/p>\n\n\n\n<p class=\"has-text-align-center\" style=\"font-size:25px\"><strong><a href=\"https:\/\/semanea.rajce.idnes.cz\/VRH_M_nar._20.03.2021\/\" data-type=\"URL\" data-id=\"https:\/\/semanea.rajce.idnes.cz\/VRH_M_nar._20.03.2021\/\">VRH M<\/a><\/strong><\/p>\n\n\n\n<p class=\"has-text-align-center\">d\u00e1tum narodenia: 20. 3. 2021<\/p>\n\n\n<div class=\"wp-block-image\">\n<figure class=\"aligncenter size-large is-resized\"><img loading=\"lazy\" decoding=\"async\" src=\"https:\/\/www.bonbolera-papillon.eu\/wp-content\/uploads\/2023\/04\/IMG_8971-1024x682.jpg\" alt=\"\" class=\"wp-image-733\" width=\"768\" height=\"512\" srcset=\"https:\/\/www.bonbolera-papillon.eu\/wp-content\/uploads\/2023\/04\/IMG_8971-1024x682.jpg 1024w, https:\/\/www.bonbolera-papillon.eu\/wp-content\/uploads\/2023\/04\/IMG_8971-300x200.jpg 300w, https:\/\/www.bonbolera-papillon.eu\/wp-content\/uploads\/2023\/04\/IMG_8971-768x512.jpg 768w, https:\/\/www.bonbolera-papillon.eu\/wp-content\/uploads\/2023\/04\/IMG_8971-1536x1024.jpg 1536w, https:\/\/www.bonbolera-papillon.eu\/wp-content\/uploads\/2023\/04\/IMG_8971-600x400.jpg 600w, https:\/\/www.bonbolera-papillon.eu\/wp-content\/uploads\/2023\/04\/IMG_8971.jpg 2000w\" sizes=\"auto, (max-width: 768px) 100vw, 768px\" \/><\/figure>\n<\/div>\n\n\n<p><\/p>\n\n\n\n<p class=\"has-text-align-center\" style=\"font-size:25px\"><strong>VRH N<\/strong><\/p>\n\n\n\n<p class=\"has-text-align-center\" style=\"font-size:25px\"><strong>VRH O<\/strong><\/p>\n\n\n\n<p class=\"has-text-align-center\" style=\"font-size:25px\"><strong><a href=\"https:\/\/semanea.rajce.idnes.cz\/VRH_P_nar._16._3._2022\/\" data-type=\"URL\" data-id=\"https:\/\/semanea.rajce.idnes.cz\/VRH_P_nar._16._3._2022\/\">VRH P<\/a><\/strong><\/p>\n\n\n\n<p class=\"has-text-align-center\"><a href=\"https:\/\/www.bonbolera-papillon.eu\/?page_id=476\">Kam\u00e9lia Rhys Bonbolera<\/a> &amp; <a href=\"https:\/\/www.bonbolera-papillon.eu\/?page_id=273\">Mon Magnifique Cher Amie<\/a><\/p>\n\n\n\n<p class=\"has-text-align-center\">d\u00e1tum narodenia: 16. 3. 2022<\/p>\n\n\n<div class=\"wp-block-image\">\n<figure class=\"aligncenter size-large is-resized\"><img loading=\"lazy\" decoding=\"async\" src=\"http:\/\/www.bonbolera-papillon.eu\/wp-content\/uploads\/2022\/08\/DSC0987WEB-1024x682.jpg\" alt=\"\" class=\"wp-image-235\" width=\"768\" height=\"512\" srcset=\"https:\/\/www.bonbolera-papillon.eu\/wp-content\/uploads\/2022\/08\/DSC0987WEB-1024x682.jpg 1024w, https:\/\/www.bonbolera-papillon.eu\/wp-content\/uploads\/2022\/08\/DSC0987WEB-300x200.jpg 300w, https:\/\/www.bonbolera-papillon.eu\/wp-content\/uploads\/2022\/08\/DSC0987WEB-768x512.jpg 768w, https:\/\/www.bonbolera-papillon.eu\/wp-content\/uploads\/2022\/08\/DSC0987WEB-1536x1024.jpg 1536w, https:\/\/www.bonbolera-papillon.eu\/wp-content\/uploads\/2022\/08\/DSC0987WEB-600x400.jpg 600w, https:\/\/www.bonbolera-papillon.eu\/wp-content\/uploads\/2022\/08\/DSC0987WEB.jpg 2000w\" sizes=\"auto, (max-width: 768px) 100vw, 768px\" \/><figcaption class=\"wp-element-caption\">SONY DSC<\/figcaption><\/figure>\n<\/div>\n\n\n<p class=\"has-text-align-center\" style=\"font-size:25px\"><strong>VRH R<\/strong><\/p>\n\n\n\n<p class=\"has-text-align-center\" style=\"font-size:25px\"><strong>VRH S<\/strong><\/p>\n\n\n\n<p class=\"has-text-align-center\"><a href=\"https:\/\/www.bonbolera-papillon.eu\/?page_id=300\" data-type=\"page\" data-id=\"300\">Zvezda Margenis<\/a> &amp;  <a href=\"https:\/\/www.bonbolera-papillon.eu\/?page_id=273\">Mon Magnifique Cher Amie<\/a><\/p>\n\n\n\n<p class=\"has-text-align-center\">d\u00e1tum narodenia: 14. 9. 2022<\/p>\n\n\n\n<figure class=\"wp-block-gallery has-nested-images columns-default is-cropped wp-block-gallery-1 is-layout-flex wp-block-gallery-is-layout-flex\">\n<figure class=\"wp-block-image size-large\"><img loading=\"lazy\" decoding=\"async\" width=\"1024\" height=\"682\" data-id=\"729\" src=\"https:\/\/www.bonbolera-papillon.eu\/wp-content\/uploads\/2023\/04\/IMG_0524-1-1024x682.jpg\" alt=\"\" class=\"wp-image-729\" srcset=\"https:\/\/www.bonbolera-papillon.eu\/wp-content\/uploads\/2023\/04\/IMG_0524-1-1024x682.jpg 1024w, https:\/\/www.bonbolera-papillon.eu\/wp-content\/uploads\/2023\/04\/IMG_0524-1-300x200.jpg 300w, https:\/\/www.bonbolera-papillon.eu\/wp-content\/uploads\/2023\/04\/IMG_0524-1-768x512.jpg 768w, https:\/\/www.bonbolera-papillon.eu\/wp-content\/uploads\/2023\/04\/IMG_0524-1-1536x1024.jpg 1536w, https:\/\/www.bonbolera-papillon.eu\/wp-content\/uploads\/2023\/04\/IMG_0524-1-600x400.jpg 600w, https:\/\/www.bonbolera-papillon.eu\/wp-content\/uploads\/2023\/04\/IMG_0524-1.jpg 2000w\" sizes=\"auto, (max-width: 1024px) 100vw, 1024px\" \/><\/figure>\n\n\n\n<figure class=\"wp-block-image size-large\"><img loading=\"lazy\" decoding=\"async\" width=\"1024\" height=\"682\" data-id=\"730\" src=\"https:\/\/www.bonbolera-papillon.eu\/wp-content\/uploads\/2023\/04\/IMG_0631-1-1024x682.jpg\" alt=\"\" class=\"wp-image-730\" srcset=\"https:\/\/www.bonbolera-papillon.eu\/wp-content\/uploads\/2023\/04\/IMG_0631-1-1024x682.jpg 1024w, https:\/\/www.bonbolera-papillon.eu\/wp-content\/uploads\/2023\/04\/IMG_0631-1-300x200.jpg 300w, https:\/\/www.bonbolera-papillon.eu\/wp-content\/uploads\/2023\/04\/IMG_0631-1-768x512.jpg 768w, https:\/\/www.bonbolera-papillon.eu\/wp-content\/uploads\/2023\/04\/IMG_0631-1-1536x1024.jpg 1536w, https:\/\/www.bonbolera-papillon.eu\/wp-content\/uploads\/2023\/04\/IMG_0631-1-600x400.jpg 600w, https:\/\/www.bonbolera-papillon.eu\/wp-content\/uploads\/2023\/04\/IMG_0631-1.jpg 2000w\" sizes=\"auto, (max-width: 1024px) 100vw, 1024px\" \/><\/figure>\n<\/figure>\n\n\n\n<p class=\"has-text-align-center\" style=\"font-size:25px\"><strong><a href=\"https:\/\/semanea.rajce.idnes.cz\/Vrh_T\/\" data-type=\"URL\" data-id=\"https:\/\/semanea.rajce.idnes.cz\/Vrh_T\/\">VRH T<\/a><\/strong><\/p>\n\n\n\n<p class=\"has-text-align-center\"><a href=\"https:\/\/www.bonbolera-papillon.eu\/?page_id=476\" data-type=\"page\" data-id=\"476\">Kam\u00e9lia Rhys Bonbolera<\/a> &amp; <a href=\"https:\/\/www.bonbolera-papillon.eu\/?page_id=273\">Mon Magnifique Cher Amie<\/a><\/p>\n\n\n\n<p class=\"has-text-align-center\">d\u00e1tum narodenia: 25. 10. 2022<\/p>\n\n\n<div class=\"wp-block-image\">\n<figure class=\"aligncenter size-large is-resized\"><img decoding=\"async\" src=\"https:\/\/www.bonbolera-papillon.eu\/wp-content\/uploads\/2023\/04\/IMG_0190-edited.jpg\" alt=\"\" class=\"wp-image-724\" width=\"768\" srcset=\"https:\/\/www.bonbolera-papillon.eu\/wp-content\/uploads\/2023\/04\/IMG_0190-edited.jpg 2068w, https:\/\/www.bonbolera-papillon.eu\/wp-content\/uploads\/2023\/04\/IMG_0190-edited-300x200.jpg 300w, https:\/\/www.bonbolera-papillon.eu\/wp-content\/uploads\/2023\/04\/IMG_0190-edited-1024x682.jpg 1024w, https:\/\/www.bonbolera-papillon.eu\/wp-content\/uploads\/2023\/04\/IMG_0190-edited-768x512.jpg 768w, https:\/\/www.bonbolera-papillon.eu\/wp-content\/uploads\/2023\/04\/IMG_0190-edited-1536x1024.jpg 1536w, https:\/\/www.bonbolera-papillon.eu\/wp-content\/uploads\/2023\/04\/IMG_0190-edited-2048x1365.jpg 2048w, https:\/\/www.bonbolera-papillon.eu\/wp-content\/uploads\/2023\/04\/IMG_0190-edited-600x400.jpg 600w\" sizes=\"(max-width: 2068px) 100vw, 2068px\" \/><\/figure>\n<\/div>\n\n\n<p class=\"has-text-align-center\" style=\"font-size:25px\"><strong><a href=\"https:\/\/semanea.rajce.idnes.cz\/Vrh_U_Nadshell_Fiesta\/\" data-type=\"URL\" data-id=\"https:\/\/semanea.rajce.idnes.cz\/Vrh_U_Nadshell_Fiesta\/\">VRH U<\/a><\/strong><\/p>\n\n\n\n<p class=\"has-text-align-center\"><a href=\"https:\/\/www.bonbolera-papillon.eu\/?page_id=468\" data-type=\"page\" data-id=\"468\">Nadshell Fiesta<\/a> &amp; \u00a0<a href=\"https:\/\/www.bonbolera-papillon.eu\/?page_id=273\">Mon Magnifique Cher Amie<\/a><\/p>\n\n\n\n<p class=\"has-text-align-center\">d\u00e1tum narodenia: 8. 3. 2023<\/p>\n\n\n<div class=\"wp-block-image\">\n<figure class=\"aligncenter size-large is-resized\"><img loading=\"lazy\" decoding=\"async\" src=\"https:\/\/www.bonbolera-papillon.eu\/wp-content\/uploads\/2023\/04\/Papillon-1024x682.jpg\" alt=\"\" class=\"wp-image-718\" width=\"768\" height=\"512\" srcset=\"https:\/\/www.bonbolera-papillon.eu\/wp-content\/uploads\/2023\/04\/Papillon-1024x682.jpg 1024w, https:\/\/www.bonbolera-papillon.eu\/wp-content\/uploads\/2023\/04\/Papillon-300x200.jpg 300w, https:\/\/www.bonbolera-papillon.eu\/wp-content\/uploads\/2023\/04\/Papillon-768x512.jpg 768w, https:\/\/www.bonbolera-papillon.eu\/wp-content\/uploads\/2023\/04\/Papillon-1536x1024.jpg 1536w, https:\/\/www.bonbolera-papillon.eu\/wp-content\/uploads\/2023\/04\/Papillon-600x400.jpg 600w, https:\/\/www.bonbolera-papillon.eu\/wp-content\/uploads\/2023\/04\/Papillon.jpg 2000w\" sizes=\"auto, (max-width: 768px) 100vw, 768px\" \/><\/figure>\n<\/div>\n\n\n<p class=\"has-text-align-center\" style=\"font-size:25px\"><strong><a href=\"https:\/\/semanea.rajce.idnes.cz\/VRH_%2C%2CV_Ines_Elegans_Bohemia\/\" data-type=\"URL\" data-id=\"https:\/\/semanea.rajce.idnes.cz\/VRH_%2C%2CV_Ines_Elegans_Bohemia\/\">VRH V<\/a><\/strong><\/p>\n\n\n\n<p class=\"has-text-align-center\"><a href=\"https:\/\/www.bonbolera-papillon.eu\/?page_id=61\" data-type=\"page\" data-id=\"61\">In\u00e9s Elegans Bohemia<\/a> &amp; <a href=\"https:\/\/www.bonbolera-papillon.eu\/?page_id=273\">Mon Magnifique Cher Amie<\/a><\/p>\n\n\n\n<p class=\"has-text-align-center\">d\u00e1tum narodenia: 10. 3. 2023<\/p>\n\n\n<div class=\"wp-block-image\">\n<figure class=\"aligncenter size-large is-resized\"><img loading=\"lazy\" decoding=\"async\" src=\"https:\/\/www.bonbolera-papillon.eu\/wp-content\/uploads\/2023\/04\/IMG_0833-1-1024x682.jpg\" alt=\"\" class=\"wp-image-720\" width=\"768\" height=\"512\" srcset=\"https:\/\/www.bonbolera-papillon.eu\/wp-content\/uploads\/2023\/04\/IMG_0833-1-1024x682.jpg 1024w, https:\/\/www.bonbolera-papillon.eu\/wp-content\/uploads\/2023\/04\/IMG_0833-1-300x200.jpg 300w, https:\/\/www.bonbolera-papillon.eu\/wp-content\/uploads\/2023\/04\/IMG_0833-1-768x512.jpg 768w, https:\/\/www.bonbolera-papillon.eu\/wp-content\/uploads\/2023\/04\/IMG_0833-1-1536x1024.jpg 1536w, https:\/\/www.bonbolera-papillon.eu\/wp-content\/uploads\/2023\/04\/IMG_0833-1-600x400.jpg 600w, https:\/\/www.bonbolera-papillon.eu\/wp-content\/uploads\/2023\/04\/IMG_0833-1.jpg 2000w\" sizes=\"auto, (max-width: 768px) 100vw, 768px\" \/><\/figure>\n<\/div>","protected":false},"excerpt":{"rendered":"<p>VRH A In\u00e9s Elegans Bohemia X Eosforos Caprina Dowina d\u00e1tum narodenia: 11. 9. 2016 VRH B Faayen Brilliant Bohemia X Falco Galathilion d\u00e1tum narodenia: 16. [&hellip;]<\/p>\n","protected":false},"author":1,"featured_media":0,"parent":0,"menu_order":0,"comment_status":"closed","ping_status":"closed","template":"","meta":{"_mi_skip_tracking":false,"footnotes":""},"class_list":["post-315","page","type-page","status-publish","hentry"],"_links":{"self":[{"href":"https:\/\/www.bonbolera-papillon.eu\/index.php?rest_route=\/wp\/v2\/pages\/315","targetHints":{"allow":["GET"]}}],"collection":[{"href":"https:\/\/www.bonbolera-papillon.eu\/index.php?rest_route=\/wp\/v2\/pages"}],"about":[{"href":"https:\/\/www.bonbolera-papillon.eu\/index.php?rest_route=\/wp\/v2\/types\/page"}],"author":[{"embeddable":true,"href":"https:\/\/www.bonbolera-papillon.eu\/index.php?rest_route=\/wp\/v2\/users\/1"}],"replies":[{"embeddable":true,"href":"https:\/\/www.bonbolera-papillon.eu\/index.php?rest_route=%2Fwp%2Fv2%2Fcomments&post=315"}],"version-history":[{"count":19,"href":"https:\/\/www.bonbolera-papillon.eu\/index.php?rest_route=\/wp\/v2\/pages\/315\/revisions"}],"predecessor-version":[{"id":736,"href":"https:\/\/www.bonbolera-papillon.eu\/index.php?rest_route=\/wp\/v2\/pages\/315\/revisions\/736"}],"wp:attachment":[{"href":"https:\/\/www.bonbolera-papillon.eu\/index.php?rest_route=%2Fwp%2Fv2%2Fmedia&parent=315"}],"curies":[{"name":"wp","href":"https:\/\/api.w.org\/{rel}","templated":true}]}}