{"id":468,"date":"2023-02-23T20:27:43","date_gmt":"2023-02-23T20:27:43","guid":{"rendered":"https:\/\/www.bonbolera-papillon.eu\/?page_id=468"},"modified":"2024-01-24T17:10:19","modified_gmt":"2024-01-24T17:10:19","slug":"nadshell-fiesta","status":"publish","type":"page","link":"https:\/\/www.bonbolera-papillon.eu\/?page_id=468","title":{"rendered":"NADSHELL FIESTA"},"content":{"rendered":"\n<figure class=\"wp-block-gallery has-nested-images columns-default is-cropped wp-block-gallery-1 is-layout-flex wp-block-gallery-is-layout-flex\">\n<figure class=\"wp-block-image size-large\"><img loading=\"lazy\" decoding=\"async\" width=\"768\" height=\"1024\" data-id=\"470\" src=\"https:\/\/www.bonbolera-papillon.eu\/wp-content\/uploads\/2023\/02\/292871196_3208389559420797_1696383314102170315_n-768x1024.jpg\" alt=\"\" class=\"wp-image-470\" srcset=\"https:\/\/www.bonbolera-papillon.eu\/wp-content\/uploads\/2023\/02\/292871196_3208389559420797_1696383314102170315_n-768x1024.jpg 768w, https:\/\/www.bonbolera-papillon.eu\/wp-content\/uploads\/2023\/02\/292871196_3208389559420797_1696383314102170315_n-225x300.jpg 225w, https:\/\/www.bonbolera-papillon.eu\/wp-content\/uploads\/2023\/02\/292871196_3208389559420797_1696383314102170315_n-1152x1536.jpg 1152w, https:\/\/www.bonbolera-papillon.eu\/wp-content\/uploads\/2023\/02\/292871196_3208389559420797_1696383314102170315_n.jpg 1536w\" sizes=\"auto, (max-width: 768px) 100vw, 768px\" \/><\/figure>\n\n\n\n<figure class=\"wp-block-image size-large\"><img loading=\"lazy\" decoding=\"async\" width=\"858\" height=\"1024\" data-id=\"471\" src=\"https:\/\/www.bonbolera-papillon.eu\/wp-content\/uploads\/2023\/02\/Dissa-1-858x1024.jpg\" alt=\"\" class=\"wp-image-471\" srcset=\"https:\/\/www.bonbolera-papillon.eu\/wp-content\/uploads\/2023\/02\/Dissa-1-858x1024.jpg 858w, https:\/\/www.bonbolera-papillon.eu\/wp-content\/uploads\/2023\/02\/Dissa-1-251x300.jpg 251w, https:\/\/www.bonbolera-papillon.eu\/wp-content\/uploads\/2023\/02\/Dissa-1-768x916.jpg 768w, https:\/\/www.bonbolera-papillon.eu\/wp-content\/uploads\/2023\/02\/Dissa-1-1288x1536.jpg 1288w, https:\/\/www.bonbolera-papillon.eu\/wp-content\/uploads\/2023\/02\/Dissa-1-1717x2048.jpg 1717w\" sizes=\"auto, (max-width: 858px) 100vw, 858px\" \/><\/figure>\n<\/figure>\n\n\n\n<p><strong>Otec:<\/strong> Toot Sweet\u00b4s Little Lord Fauntleroy<\/p>\n\n\n\n<p><strong>Matka:<\/strong> Nadshell Belt Shik<\/p>\n\n\n\n<p><strong>CHOVN\u00c1<\/strong><\/p>\n\n\n\n<p><strong>D\u00e1tum narodenia:<\/strong> 3. 4. 2021<\/p>\n\n\n\n<p><strong>V\u00fd\u0161ka:&nbsp;<\/strong> &nbsp; &nbsp; &nbsp; &nbsp; &nbsp; &nbsp; &nbsp; &nbsp; &nbsp; &nbsp; &nbsp; &nbsp; &nbsp; &nbsp; &nbsp; &nbsp; &nbsp; &nbsp; &nbsp; &nbsp; &nbsp; &nbsp; &nbsp; &nbsp; &nbsp; &nbsp; &nbsp; &nbsp; &nbsp; &nbsp; &nbsp; &nbsp; &nbsp; &nbsp; &nbsp; &nbsp;<\/p>\n\n\n\n<p><strong>Vy\u0161etrenia:<\/strong> <strong> &nbsp;<\/strong> &nbsp; &nbsp; &nbsp; &nbsp; &nbsp; &nbsp; &nbsp; &nbsp; &nbsp; &nbsp; &nbsp; &nbsp; &nbsp; &nbsp; &nbsp; &nbsp; <\/p>\n\n\n<p><strong>V\u00fdstavy:<\/strong><\/p>\n<p><strong>NITRA DERBY WINNER<\/strong>: 12. 6. 2022 &#8211; V1, CAJC, <strong>Junior BOB<\/strong>, <strong>Derby Winner 2022<\/strong><\/p>\n<p><strong>NITRADOG<\/strong>: 7. 7. 2022 &#8211; V2<\/p>\n<p>\u00a0 \u00a0 \u00a0 \u00a0 \u00a0 \u00a0 \u00a0 \u00a0 \u00a0 \u00a0 8. 7. 2022 &#8211; V2, res. CAC<\/p>\n<p>\u00a0 \u00a0 \u00a0 \u00a0 \u00a0 \u00a0 \u00a0 \u00a0 \u00a0 \u00a0 9. 7. 2022 &#8211; V1, CAC<\/p>\n<p>\u00a0 \u00a0 \u00a0 \u00a0 \u00a0 \u00a0 \u00a0 \u00a0 \u00a0 \u00a010. 7. 2022 &#8211; V1, CAC<\/p>\n<p><strong>KV TEKOVSK\u00c1 BREZNICA<\/strong> 6. 5. 2023 &#8211; V2, res. CAC\u00a0\u00a0<\/p>\n<p><strong>LU\u010cENEC:<\/strong><\/p>\n<p><strong>N\u00c1RODN\u00c1 V\u00ddSTAVA BRATISLAVA:<\/strong> 19. 1. 2024 &#8211; V1, CAC<\/p>\n\n\n<p><a href=\"https:\/\/semanea.rajce.idnes.cz\/Nadshell_Fiesta\/\">Fotoalbum<\/a><\/p>\n\n\n\n<p><strong>Rodokme\u0148:<\/strong><\/p>\n\n\n<div class=\"wp-block-image\">\n<figure class=\"aligncenter size-large is-resized\"><img loading=\"lazy\" decoding=\"async\" width=\"655\" height=\"1024\" src=\"https:\/\/www.bonbolera-papillon.eu\/wp-content\/uploads\/2023\/02\/Nadshell-Fiesta-655x1024.jpg\" alt=\"\" class=\"wp-image-489\" style=\"width:328px;height:512px\" srcset=\"https:\/\/www.bonbolera-papillon.eu\/wp-content\/uploads\/2023\/02\/Nadshell-Fiesta-655x1024.jpg 655w, https:\/\/www.bonbolera-papillon.eu\/wp-content\/uploads\/2023\/02\/Nadshell-Fiesta-192x300.jpg 192w, https:\/\/www.bonbolera-papillon.eu\/wp-content\/uploads\/2023\/02\/Nadshell-Fiesta-768x1201.jpg 768w, https:\/\/www.bonbolera-papillon.eu\/wp-content\/uploads\/2023\/02\/Nadshell-Fiesta-983x1536.jpg 983w, https:\/\/www.bonbolera-papillon.eu\/wp-content\/uploads\/2023\/02\/Nadshell-Fiesta.jpg 1044w\" sizes=\"auto, (max-width: 655px) 100vw, 655px\" \/><\/figure>\n<\/div>","protected":false},"excerpt":{"rendered":"<p>Otec: Toot Sweet\u00b4s Little Lord Fauntleroy Matka: Nadshell Belt Shik CHOVN\u00c1 D\u00e1tum narodenia: 3. 4. 2021 V\u00fd\u0161ka:&nbsp; &nbsp; &nbsp; &nbsp; &nbsp; &nbsp; &nbsp; &nbsp; &nbsp; [&hellip;]<\/p>\n","protected":false},"author":1,"featured_media":0,"parent":0,"menu_order":0,"comment_status":"closed","ping_status":"closed","template":"","meta":{"_mi_skip_tracking":false,"footnotes":""},"class_list":["post-468","page","type-page","status-publish","hentry"],"_links":{"self":[{"href":"https:\/\/www.bonbolera-papillon.eu\/index.php?rest_route=\/wp\/v2\/pages\/468","targetHints":{"allow":["GET"]}}],"collection":[{"href":"https:\/\/www.bonbolera-papillon.eu\/index.php?rest_route=\/wp\/v2\/pages"}],"about":[{"href":"https:\/\/www.bonbolera-papillon.eu\/index.php?rest_route=\/wp\/v2\/types\/page"}],"author":[{"embeddable":true,"href":"https:\/\/www.bonbolera-papillon.eu\/index.php?rest_route=\/wp\/v2\/users\/1"}],"replies":[{"embeddable":true,"href":"https:\/\/www.bonbolera-papillon.eu\/index.php?rest_route=%2Fwp%2Fv2%2Fcomments&post=468"}],"version-history":[{"count":13,"href":"https:\/\/www.bonbolera-papillon.eu\/index.php?rest_route=\/wp\/v2\/pages\/468\/revisions"}],"predecessor-version":[{"id":1000,"href":"https:\/\/www.bonbolera-papillon.eu\/index.php?rest_route=\/wp\/v2\/pages\/468\/revisions\/1000"}],"wp:attachment":[{"href":"https:\/\/www.bonbolera-papillon.eu\/index.php?rest_route=%2Fwp%2Fv2%2Fmedia&parent=468"}],"curies":[{"name":"wp","href":"https:\/\/api.w.org\/{rel}","templated":true}]}}