{"id":476,"date":"2023-02-24T11:45:36","date_gmt":"2023-02-24T11:45:36","guid":{"rendered":"https:\/\/www.bonbolera-papillon.eu\/?page_id=476"},"modified":"2023-09-19T19:30:14","modified_gmt":"2023-09-19T19:30:14","slug":"kamelia-rhys-bonbolera","status":"publish","type":"page","link":"https:\/\/www.bonbolera-papillon.eu\/?page_id=476","title":{"rendered":"KAM\u00c9LIA RHYS BONBOLERA"},"content":{"rendered":"\n<figure class=\"wp-block-gallery has-nested-images columns-default is-cropped wp-block-gallery-1 is-layout-flex wp-block-gallery-is-layout-flex\">\n<figure class=\"wp-block-image size-large\"><img loading=\"lazy\" decoding=\"async\" width=\"2041\" height=\"1361\" data-id=\"896\" src=\"https:\/\/www.bonbolera-papillon.eu\/wp-content\/uploads\/2023\/09\/IMG_2030-1-edited.jpg\" alt=\"\" class=\"wp-image-896\" srcset=\"https:\/\/www.bonbolera-papillon.eu\/wp-content\/uploads\/2023\/09\/IMG_2030-1-edited.jpg 2041w, https:\/\/www.bonbolera-papillon.eu\/wp-content\/uploads\/2023\/09\/IMG_2030-1-edited-300x200.jpg 300w, https:\/\/www.bonbolera-papillon.eu\/wp-content\/uploads\/2023\/09\/IMG_2030-1-edited-1024x683.jpg 1024w, https:\/\/www.bonbolera-papillon.eu\/wp-content\/uploads\/2023\/09\/IMG_2030-1-edited-768x512.jpg 768w, https:\/\/www.bonbolera-papillon.eu\/wp-content\/uploads\/2023\/09\/IMG_2030-1-edited-1536x1024.jpg 1536w, https:\/\/www.bonbolera-papillon.eu\/wp-content\/uploads\/2023\/09\/IMG_2030-1-edited-600x400.jpg 600w\" sizes=\"auto, (max-width: 2041px) 100vw, 2041px\" \/><\/figure>\n\n\n\n<figure class=\"wp-block-image size-large\"><img loading=\"lazy\" decoding=\"async\" width=\"1024\" height=\"683\" data-id=\"894\" src=\"https:\/\/www.bonbolera-papillon.eu\/wp-content\/uploads\/2023\/09\/IMG_2063-1024x683.jpg\" alt=\"\" class=\"wp-image-894\" srcset=\"https:\/\/www.bonbolera-papillon.eu\/wp-content\/uploads\/2023\/09\/IMG_2063-1024x683.jpg 1024w, https:\/\/www.bonbolera-papillon.eu\/wp-content\/uploads\/2023\/09\/IMG_2063-300x200.jpg 300w, https:\/\/www.bonbolera-papillon.eu\/wp-content\/uploads\/2023\/09\/IMG_2063-768x512.jpg 768w, https:\/\/www.bonbolera-papillon.eu\/wp-content\/uploads\/2023\/09\/IMG_2063-1536x1024.jpg 1536w, https:\/\/www.bonbolera-papillon.eu\/wp-content\/uploads\/2023\/09\/IMG_2063-2048x1365.jpg 2048w, https:\/\/www.bonbolera-papillon.eu\/wp-content\/uploads\/2023\/09\/IMG_2063-600x400.jpg 600w\" sizes=\"auto, (max-width: 1024px) 100vw, 1024px\" \/><\/figure>\n<\/figure>\n\n\n\n<p><strong>Otec<\/strong>: Herbert Caprina Dowina<\/p>\n\n\n\n<p><strong>Matka<\/strong>:<a href=\"https:\/\/www.bonbolera-papillon.eu\/?page_id=61\" data-type=\"page\" data-id=\"61\"> In\u00e9s Elegans Bohemia<\/a><\/p>\n\n\n\n<p><strong>CHOVN\u00c1<\/strong><\/p>\n\n\n\n<p><strong>D\u00e1tum narodenia:<\/strong> 25. 9. 2020<\/p>\n\n\n\n<p><strong>V\u00fd\u0161ka:<\/strong><\/p>\n\n\n\n<p><strong>Zhryz:<\/strong> no\u017enice<\/p>\n\n\n\n<p><strong>Zuby:<\/strong> 6\/6<\/p>\n\n\n\n<p><strong>Vy\u0161etrenia:<\/strong><\/p>\n\n\n\n<p><strong>V\u00fdstavy:<\/strong><\/p>\n\n\n\n<p><strong>KV TEKOVSK\u00c1 BREZNICA<\/strong>: 17. 7. 2021 &#8211; VD <\/p>\n\n\n\n<p><a href=\"https:\/\/semanea.rajce.idnes.cz\/Kamelia_Rhys_Bonbolera\/\">Fotoalbum<\/a> <\/p>\n\n\n\n<p><strong>Rodokme\u0148:<\/strong><\/p>\n\n\n<div class=\"wp-block-image\">\n<figure class=\"aligncenter size-large is-resized\"><img loading=\"lazy\" decoding=\"async\" src=\"https:\/\/www.bonbolera-papillon.eu\/wp-content\/uploads\/2023\/02\/rodokmen-Kamelia-833x1024.jpg\" alt=\"\" class=\"wp-image-477\" style=\"width:417px;height:512px\" width=\"417\" height=\"512\" srcset=\"https:\/\/www.bonbolera-papillon.eu\/wp-content\/uploads\/2023\/02\/rodokmen-Kamelia-833x1024.jpg 833w, https:\/\/www.bonbolera-papillon.eu\/wp-content\/uploads\/2023\/02\/rodokmen-Kamelia-244x300.jpg 244w, https:\/\/www.bonbolera-papillon.eu\/wp-content\/uploads\/2023\/02\/rodokmen-Kamelia-768x944.jpg 768w, https:\/\/www.bonbolera-papillon.eu\/wp-content\/uploads\/2023\/02\/rodokmen-Kamelia-1250x1536.jpg 1250w, https:\/\/www.bonbolera-papillon.eu\/wp-content\/uploads\/2023\/02\/rodokmen-Kamelia.jpg 1328w\" sizes=\"auto, (max-width: 417px) 100vw, 417px\" \/><\/figure>\n<\/div>","protected":false},"excerpt":{"rendered":"<p>Otec: Herbert Caprina Dowina Matka: In\u00e9s Elegans Bohemia CHOVN\u00c1 D\u00e1tum narodenia: 25. 9. 2020 V\u00fd\u0161ka: Zhryz: no\u017enice Zuby: 6\/6 Vy\u0161etrenia: V\u00fdstavy: KV TEKOVSK\u00c1 BREZNICA: 17. [&hellip;]<\/p>\n","protected":false},"author":1,"featured_media":0,"parent":0,"menu_order":0,"comment_status":"closed","ping_status":"closed","template":"","meta":{"_mi_skip_tracking":false,"footnotes":""},"class_list":["post-476","page","type-page","status-publish","hentry"],"_links":{"self":[{"href":"https:\/\/www.bonbolera-papillon.eu\/index.php?rest_route=\/wp\/v2\/pages\/476","targetHints":{"allow":["GET"]}}],"collection":[{"href":"https:\/\/www.bonbolera-papillon.eu\/index.php?rest_route=\/wp\/v2\/pages"}],"about":[{"href":"https:\/\/www.bonbolera-papillon.eu\/index.php?rest_route=\/wp\/v2\/types\/page"}],"author":[{"embeddable":true,"href":"https:\/\/www.bonbolera-papillon.eu\/index.php?rest_route=\/wp\/v2\/users\/1"}],"replies":[{"embeddable":true,"href":"https:\/\/www.bonbolera-papillon.eu\/index.php?rest_route=%2Fwp%2Fv2%2Fcomments&post=476"}],"version-history":[{"count":8,"href":"https:\/\/www.bonbolera-papillon.eu\/index.php?rest_route=\/wp\/v2\/pages\/476\/revisions"}],"predecessor-version":[{"id":923,"href":"https:\/\/www.bonbolera-papillon.eu\/index.php?rest_route=\/wp\/v2\/pages\/476\/revisions\/923"}],"wp:attachment":[{"href":"https:\/\/www.bonbolera-papillon.eu\/index.php?rest_route=%2Fwp%2Fv2%2Fmedia&parent=476"}],"curies":[{"name":"wp","href":"https:\/\/api.w.org\/{rel}","templated":true}]}}