{"id":551,"date":"2023-02-26T21:04:58","date_gmt":"2023-02-26T21:04:58","guid":{"rendered":"https:\/\/www.bonbolera-papillon.eu\/?page_id=551"},"modified":"2023-09-19T19:29:53","modified_gmt":"2023-09-19T19:29:53","slug":"izzy-flop-bonbolera","status":"publish","type":"page","link":"https:\/\/www.bonbolera-papillon.eu\/?page_id=551","title":{"rendered":"IZZY FLOP BONBOLERA"},"content":{"rendered":"\n<p><\/p>\n\n\n\n<p><strong>Otec:<\/strong> Nicolas Eeden Senden-Ay<\/p>\n\n\n\n<p><strong>Matka:<\/strong> Faayen Brilliant Bohemia<\/p>\n\n\n\n<p><strong>CHOVN\u00dd<\/strong><\/p>\n\n\n\n<p><strong>D\u00e1tum narodenia:<\/strong> 9. 2. 2020<\/p>\n\n\n\n<p>V\u00fd\u0161ka: <\/p>\n\n\n\n<p><strong>Zhryz:<\/strong> no\u017enice<\/p>\n\n\n\n<p><strong>Zuby:<\/strong> 6\/6<\/p>\n\n\n\n<p><strong>Vy\u0161etrenia:<\/strong><\/p>\n\n\n<p><strong>V\u00fdstavy:\u00a0<\/strong><\/p>\n<p><strong>\u0160PECI\u00c1LNA V\u00ddSTAVA TEKOVSK\u00c1 BREZNICA<\/strong>: 29. 8. 2020 &#8211; VN2<\/p>\n<p><strong>KV TEKOVSK\u00c1 BREZNICA:<\/strong> 17. 7. 2021 &#8211; VD4<\/p>\n\n\n<p>Fotoalbum<\/p>\n\n\n\n<p><strong>Rodokme\u0148<\/strong>:<\/p>\n\n\n<div class=\"wp-block-image\">\n<figure class=\"aligncenter size-large is-resized\"><img loading=\"lazy\" decoding=\"async\" src=\"https:\/\/www.bonbolera-papillon.eu\/wp-content\/uploads\/2023\/02\/Izzy-flop-rodokmen-833x1024.jpg\" alt=\"\" class=\"wp-image-552\" style=\"width:417px;height:512px\" width=\"417\" height=\"512\" srcset=\"https:\/\/www.bonbolera-papillon.eu\/wp-content\/uploads\/2023\/02\/Izzy-flop-rodokmen-833x1024.jpg 833w, https:\/\/www.bonbolera-papillon.eu\/wp-content\/uploads\/2023\/02\/Izzy-flop-rodokmen-244x300.jpg 244w, https:\/\/www.bonbolera-papillon.eu\/wp-content\/uploads\/2023\/02\/Izzy-flop-rodokmen-768x944.jpg 768w, https:\/\/www.bonbolera-papillon.eu\/wp-content\/uploads\/2023\/02\/Izzy-flop-rodokmen-1250x1536.jpg 1250w, https:\/\/www.bonbolera-papillon.eu\/wp-content\/uploads\/2023\/02\/Izzy-flop-rodokmen.jpg 1328w\" sizes=\"auto, (max-width: 417px) 100vw, 417px\" \/><\/figure>\n<\/div>","protected":false},"excerpt":{"rendered":"<p>Otec: Nicolas Eeden Senden-Ay Matka: Faayen Brilliant Bohemia CHOVN\u00dd D\u00e1tum narodenia: 9. 2. 2020 V\u00fd\u0161ka: Zhryz: no\u017enice Zuby: 6\/6 Vy\u0161etrenia: V\u00fdstavy:\u00a0 \u0160PECI\u00c1LNA V\u00ddSTAVA TEKOVSK\u00c1 BREZNICA: [&hellip;]<\/p>\n","protected":false},"author":1,"featured_media":0,"parent":0,"menu_order":0,"comment_status":"closed","ping_status":"closed","template":"","meta":{"_mi_skip_tracking":false,"footnotes":""},"class_list":["post-551","page","type-page","status-publish","hentry"],"_links":{"self":[{"href":"https:\/\/www.bonbolera-papillon.eu\/index.php?rest_route=\/wp\/v2\/pages\/551","targetHints":{"allow":["GET"]}}],"collection":[{"href":"https:\/\/www.bonbolera-papillon.eu\/index.php?rest_route=\/wp\/v2\/pages"}],"about":[{"href":"https:\/\/www.bonbolera-papillon.eu\/index.php?rest_route=\/wp\/v2\/types\/page"}],"author":[{"embeddable":true,"href":"https:\/\/www.bonbolera-papillon.eu\/index.php?rest_route=\/wp\/v2\/users\/1"}],"replies":[{"embeddable":true,"href":"https:\/\/www.bonbolera-papillon.eu\/index.php?rest_route=%2Fwp%2Fv2%2Fcomments&post=551"}],"version-history":[{"count":2,"href":"https:\/\/www.bonbolera-papillon.eu\/index.php?rest_route=\/wp\/v2\/pages\/551\/revisions"}],"predecessor-version":[{"id":922,"href":"https:\/\/www.bonbolera-papillon.eu\/index.php?rest_route=\/wp\/v2\/pages\/551\/revisions\/922"}],"wp:attachment":[{"href":"https:\/\/www.bonbolera-papillon.eu\/index.php?rest_route=%2Fwp%2Fv2%2Fmedia&parent=551"}],"curies":[{"name":"wp","href":"https:\/\/api.w.org\/{rel}","templated":true}]}}