{"id":8,"date":"2022-01-25T12:53:10","date_gmt":"2022-01-25T12:53:10","guid":{"rendered":"https:\/\/www.bonbolera-papillon.eu\/?page_id=8"},"modified":"2023-02-23T10:45:24","modified_gmt":"2023-02-23T10:45:24","slug":"o-nas","status":"publish","type":"page","link":"https:\/\/www.bonbolera-papillon.eu\/","title":{"rendered":"O N\u00c1S"},"content":{"rendered":"\n<p class=\"has-text-align-center\">Na\u0161a chovn\u00e1 stanica vznikla v roku 2016 registrovan\u00e1 v FCI ako BONBOLERA.<\/p>\n\n\n\n<p class=\"has-text-align-center\">V\u0161etko sa to za\u010dalo takto, mali sme fenku labradora, ktor\u00e1 bola ve\u013emi chor\u00e1 a opustila n\u00e1s dos\u0165 skoro. Po nej n\u00e1m v du\u0161i zostalo pr\u00e1zdne miesto a za\u010dali sme rozm\u00fd\u0161\u013ea\u0165 nad druh\u00fdm ps\u00edkom, taktie\u017e labradorom. Kamar\u00e1tka, ve\u013ek\u00e1 ps\u00ed\u010dkarka mi povedala , \u017ee by n\u00e1m tak najlep\u0161ie pasoval papill\u00f3n. Zostala som trocha prekvapen\u00e1, preto\u017ee toto plemeno som v\u00f4bec nepoznala. Za\u010dala som sa o\u0148 viacej zauj\u00edma\u0165 a na\u010d\u00edtala som si ve\u013ea \u010dl\u00e1nkov a diskus\u00ed\u00ed. Nad jeho k\u00fapou som silno zva\u017eovala. Jedn\u00e9ho kr\u00e1sneho d\u0148a sme si priviezli fenku menom Faayen Brilliant Bohemia a boli sme z nej ve\u013emi nad\u0161en\u00ed. Po nejakom \u010dase sme jej dok\u00fapili spolo\u010dn\u00ed\u010dku menom In\u00e9s Elegans Bohemia, aby jej nebolo smutno. Som ve\u013emi rada, \u017ee sme sa rozhodli pre toto plemeno, preto\u017ee to splnilo viac ako sme o\u010dak\u00e1vali a naozaj n\u00e1m vyhovuje po v\u0161etk\u00fdch str\u00e1nkach. Stali sa platn\u00fdmi \u010dlenmi na\u0161ej rodiny. Papill\u00f3ni ma o\u010darili svojou osobnos\u0165ou, v\u00fdzorom , hravos\u0165ou , vysokou inteligenciou, pr\u00edtulnos\u0165ou, ale aj ich d\u00e1vnou hist\u00f3riou, boli \u00fazko sp\u00e4t\u00ed s osudmi kr\u00e1\u013eov, ktor\u00ed ich nosili v n\u00e1ru\u010d\u00ed, jedli s nimi pri stole, sp\u00e1vali s nimi v posteliach, sprev\u00e1dzali ich na v\u0161etk\u00fdch cest\u00e1ch, kult\u00farnych podujatiach, v kostoloch aj v\u00e4zniciach, ba dokonca niekedy s nimi chodili a\u017e na popravisko.<\/p>\n\n\n\n<p class=\"has-text-align-center\">Papil\u00f3ni s\u00fa vhodn\u00ed na agility, dogdance, canisterapiu a \u010fal\u0161ie r\u00f4zne \u0161porty. Je naozaj ve\u013emi prisp\u00f4sobiv\u00fd \u010doveku, ke\u010f le\u017e\u00ed p\u00e1n, le\u017e\u00ed aj papill\u00f3n, ke\u010f p\u00e1n\u00ed\u010dek \u0161portuje, papill\u00f3n nev\u00e1ha a \u0161portuje s n\u00edm. S\u00fa \u00fa\u017easn\u00ed spolo\u010dn\u00edci k de\u0165om aj star\u00fdm \u013eudom.<\/p>\n\n\n\n<p class=\"has-text-align-center\">Cie\u013eom na\u0161ej chovate\u013eskej stanice je odchov\u00e1va\u0165 jedincov s v\u00fdzorom exteri\u00e9ru pod\u013ea predp\u00edsan\u00e9ho \u0161tandardu aj povahy. Na\u0161e fenky s\u00fa vy\u0161etren\u00e9 na PL a pap \u2013 PRA. \u0160teniatka odch\u00e1dzaj\u00fa do nov\u00fdch domovov riadne od\u010derven\u00e9, zo\u010dkovan\u00e9 a za\u010dipovan\u00ed aj s rodokme\u0148om. S nov\u00fdmi majite\u013emi radi zost\u00e1vame v kontakte a te\u0161\u00edme sa na fotky a inform\u00e1cie s ich nov\u00fdch domovov. Poskytujeme do\u017eivotn\u00fd chovate\u013esk\u00fd servis.<\/p>\n\n\n\n<figure class=\"wp-block-gallery has-nested-images columns-default is-cropped wp-block-gallery-1 is-layout-flex wp-block-gallery-is-layout-flex\">\n<figure class=\"wp-block-image size-large\"><img loading=\"lazy\" decoding=\"async\" width=\"354\" height=\"463\" data-id=\"419\" src=\"https:\/\/www.bonbolera-papillon.eu\/wp-content\/uploads\/2023\/02\/Snimka-obrazovky-2023-02-23-114238.png\" alt=\"\" class=\"wp-image-419\" srcset=\"https:\/\/www.bonbolera-papillon.eu\/wp-content\/uploads\/2023\/02\/Snimka-obrazovky-2023-02-23-114238.png 354w, https:\/\/www.bonbolera-papillon.eu\/wp-content\/uploads\/2023\/02\/Snimka-obrazovky-2023-02-23-114238-229x300.png 229w\" sizes=\"auto, (max-width: 354px) 100vw, 354px\" \/><\/figure>\n\n\n\n<figure class=\"wp-block-image size-large\"><img loading=\"lazy\" decoding=\"async\" width=\"744\" height=\"992\" data-id=\"415\" src=\"https:\/\/www.bonbolera-papillon.eu\/wp-content\/uploads\/2023\/02\/7b93be27-601c-4a95-910d-7523dfc9ed15-1-1.jpg\" alt=\"\" class=\"wp-image-415\" srcset=\"https:\/\/www.bonbolera-papillon.eu\/wp-content\/uploads\/2023\/02\/7b93be27-601c-4a95-910d-7523dfc9ed15-1-1.jpg 744w, https:\/\/www.bonbolera-papillon.eu\/wp-content\/uploads\/2023\/02\/7b93be27-601c-4a95-910d-7523dfc9ed15-1-1-225x300.jpg 225w\" sizes=\"auto, (max-width: 744px) 100vw, 744px\" \/><\/figure>\n\n\n\n<figure class=\"wp-block-image size-large\"><img loading=\"lazy\" decoding=\"async\" width=\"441\" height=\"535\" data-id=\"417\" src=\"https:\/\/www.bonbolera-papillon.eu\/wp-content\/uploads\/2023\/02\/Snimka-obrazovky-2023-02-23-112539.png\" alt=\"\" class=\"wp-image-417\" srcset=\"https:\/\/www.bonbolera-papillon.eu\/wp-content\/uploads\/2023\/02\/Snimka-obrazovky-2023-02-23-112539.png 441w, https:\/\/www.bonbolera-papillon.eu\/wp-content\/uploads\/2023\/02\/Snimka-obrazovky-2023-02-23-112539-247x300.png 247w\" sizes=\"auto, (max-width: 441px) 100vw, 441px\" \/><\/figure>\n<\/figure>\n","protected":false},"excerpt":{"rendered":"<p>Na\u0161a chovn\u00e1 stanica vznikla v roku 2016 registrovan\u00e1 v FCI ako BONBOLERA. V\u0161etko sa to za\u010dalo takto, mali sme fenku labradora, ktor\u00e1 bola ve\u013emi chor\u00e1 [&hellip;]<\/p>\n","protected":false},"author":1,"featured_media":0,"parent":0,"menu_order":0,"comment_status":"closed","ping_status":"closed","template":"","meta":{"_mi_skip_tracking":false,"footnotes":""},"class_list":["post-8","page","type-page","status-publish","hentry"],"_links":{"self":[{"href":"https:\/\/www.bonbolera-papillon.eu\/index.php?rest_route=\/wp\/v2\/pages\/8","targetHints":{"allow":["GET"]}}],"collection":[{"href":"https:\/\/www.bonbolera-papillon.eu\/index.php?rest_route=\/wp\/v2\/pages"}],"about":[{"href":"https:\/\/www.bonbolera-papillon.eu\/index.php?rest_route=\/wp\/v2\/types\/page"}],"author":[{"embeddable":true,"href":"https:\/\/www.bonbolera-papillon.eu\/index.php?rest_route=\/wp\/v2\/users\/1"}],"replies":[{"embeddable":true,"href":"https:\/\/www.bonbolera-papillon.eu\/index.php?rest_route=%2Fwp%2Fv2%2Fcomments&post=8"}],"version-history":[{"count":5,"href":"https:\/\/www.bonbolera-papillon.eu\/index.php?rest_route=\/wp\/v2\/pages\/8\/revisions"}],"predecessor-version":[{"id":421,"href":"https:\/\/www.bonbolera-papillon.eu\/index.php?rest_route=\/wp\/v2\/pages\/8\/revisions\/421"}],"wp:attachment":[{"href":"https:\/\/www.bonbolera-papillon.eu\/index.php?rest_route=%2Fwp%2Fv2%2Fmedia&parent=8"}],"curies":[{"name":"wp","href":"https:\/\/api.w.org\/{rel}","templated":true}]}}